{"id":4514,"date":"2021-06-03T06:20:05","date_gmt":"2021-06-03T04:20:05","guid":{"rendered":"https:\/\/www.amavalis.com\/impressum\/"},"modified":"2025-03-27T14:30:45","modified_gmt":"2025-03-27T13:30:45","slug":"impressum","status":"publish","type":"page","link":"https:\/\/www.amavalis.com\/de\/impressum\/","title":{"rendered":"Impressum"},"content":{"rendered":"\t\t<div data-elementor-type=\"wp-page\" data-elementor-id=\"4514\" class=\"elementor elementor-4514 elementor-9\" data-elementor-post-type=\"page\">\n\t\t\t\t\t\t<section class=\"elementor-section elementor-top-section elementor-element elementor-element-f137314 elementor-section-height-min-height elementor-section-boxed elementor-section-height-default elementor-section-items-middle\" data-id=\"f137314\" data-element_type=\"section\" data-e-type=\"section\" data-settings=\"{&quot;background_background&quot;:&quot;classic&quot;}\">\n\t\t\t\t\t\t<div class=\"elementor-container elementor-column-gap-no\">\n\t\t\t\t\t<div class=\"elementor-column elementor-col-100 elementor-top-column elementor-element elementor-element-eafe0e9\" data-id=\"eafe0e9\" data-element_type=\"column\" data-e-type=\"column\">\n\t\t\t<div class=\"elementor-widget-wrap elementor-element-populated\">\n\t\t\t\t\t\t<div class=\"elementor-element elementor-element-8134bf0 elementor-widget elementor-widget-heading\" data-id=\"8134bf0\" data-element_type=\"widget\" data-e-type=\"widget\" data-widget_type=\"heading.default\">\n\t\t\t\t<div class=\"elementor-widget-container\">\n\t\t\t\t\t<h1 class=\"elementor-heading-title elementor-size-default\">Impressum<\/h1>\t\t\t\t<\/div>\n\t\t\t\t<\/div>\n\t\t\t\t<div class=\"elementor-element elementor-element-b9951d5 elementor-widget elementor-widget-text-editor\" data-id=\"b9951d5\" data-element_type=\"widget\" data-e-type=\"widget\" data-widget_type=\"text-editor.default\">\n\t\t\t\t<div class=\"elementor-widget-container\">\n\t\t\t\t\t\t\t\t\t<p><strong>Amavalis GmbH<\/strong><br \/>Am Sturz 25<br \/>2491 Steinbrunn<br \/>\u00d6sterreich<\/p>\n<p>Tel.: 0043\/660\/9341387<br \/>E-Mail: support@amavalis.com<\/p>\n<p>Gesch\u00e4ftsf\u00fchrer: Peter B\u00f6hm M.Sc.<\/p>\n<p>UID-Nummer: ATU74478139<br \/>Firmenbuchnummer: FN 514066 f<br \/>Firmenbuchgericht: Amtsgericht Eisenstadt<\/p>\n<p>Mitglied der Initiative &#8222;Fairness im Handel&#8220;<br \/>N\u00e4here Informationen: fairness-im-handel.de<\/p>\n<p>Wir sind zur Teilnahme an einem Streitbeilegungsverfahren vor einer Verbraucherschlichtungsstelle weder verpflichtet noch bereit.<\/p>\n<p>Unsere Lucid Nummer: DE2025022021906 WEEE Nummer wird nicht ben\u00f6tigt. Kein Hersteller gem\u00e4\u00df \u00a7 3 Absch. 1. Elektrogesetz \/ WEEE Nummern der Lieferanten liegen Amazon selbstverst\u00e4ndlich vor.<\/p>\n\t\t\t\t\t\t\t\t<\/div>\n\t\t\t\t<\/div>\n\t\t\t\t\t<\/div>\n\t\t<\/div>\n\t\t\t\t\t<\/div>\n\t\t<\/section>\n\t\t\t\t<\/div>\n\t\t","protected":false},"excerpt":{"rendered":"<p>Impressum Amavalis GmbHAm Sturz 252491 Steinbrunn\u00d6sterreich Tel.: 0043\/660\/9341387E-Mail: support@amavalis.com Gesch\u00e4ftsf\u00fchrer: Peter B\u00f6hm M.Sc. UID-Nummer: ATU74478139Firmenbuchnummer: FN 514066 fFirmenbuchgericht: Amtsgericht Eisenstadt Mitglied der Initiative &#8222;Fairness im Handel&#8220;N\u00e4here Informationen: fairness-im-handel.de Wir sind zur Teilnahme an einem Streitbeilegungsverfahren vor einer Verbraucherschlichtungsstelle weder verpflichtet noch bereit. Unsere Lucid Nummer: DE2025022021906 WEEE Nummer wird nicht ben\u00f6tigt. Kein Hersteller gem\u00e4\u00df \u00a7 [&hellip;]<\/p>\n","protected":false},"author":1,"featured_media":0,"parent":0,"menu_order":0,"comment_status":"closed","ping_status":"closed","template":"","meta":{"footnotes":""},"class_list":["post-4514","page","type-page","status-publish","hentry"],"_links":{"self":[{"href":"https:\/\/www.amavalis.com\/de\/wp-json\/wp\/v2\/pages\/4514","targetHints":{"allow":["GET"]}}],"collection":[{"href":"https:\/\/www.amavalis.com\/de\/wp-json\/wp\/v2\/pages"}],"about":[{"href":"https:\/\/www.amavalis.com\/de\/wp-json\/wp\/v2\/types\/page"}],"author":[{"embeddable":true,"href":"https:\/\/www.amavalis.com\/de\/wp-json\/wp\/v2\/users\/1"}],"replies":[{"embeddable":true,"href":"https:\/\/www.amavalis.com\/de\/wp-json\/wp\/v2\/comments?post=4514"}],"version-history":[{"count":3,"href":"https:\/\/www.amavalis.com\/de\/wp-json\/wp\/v2\/pages\/4514\/revisions"}],"predecessor-version":[{"id":5363,"href":"https:\/\/www.amavalis.com\/de\/wp-json\/wp\/v2\/pages\/4514\/revisions\/5363"}],"wp:attachment":[{"href":"https:\/\/www.amavalis.com\/de\/wp-json\/wp\/v2\/media?parent=4514"}],"curies":[{"name":"wp","href":"https:\/\/api.w.org\/{rel}","templated":true}]}}